{"id":88,"date":"2017-08-14T18:57:04","date_gmt":"2017-08-14T18:57:04","guid":{"rendered":"https:\/\/el-ka.hr\/slo\/?page_id=88"},"modified":"2017-12-08T18:16:52","modified_gmt":"2017-12-08T18:16:52","slug":"o-nas","status":"publish","type":"page","link":"https:\/\/el-ka.hr\/slo\/o-nas\/","title":{"rendered":"O nas"},"content":{"rendered":"<p>EL-KA elektromehanika je obrtna dejavnost, katera se ukvarja s proizvodnjo raznih elektronskih regulatorjev ter valilnic za prosti \u010das in pol-profesionalno rabo.<br \/>\nVse valilnice imajo vgrajene na\u0161e procesorske regulatorje, ki so zelo natan\u010dni in zanesljivi.<br \/>\nRegulatorji so ebenem na\u010drtovani tako, da se jih lahko zelo enostavno prilagodi kateremu koli tipu valilnice nekega drugega proizvajalca.<br \/>\nZraven proizvodnje tudi renoviramo stare valilnice. Se pravi, valilnica, ki vam povzro\u010da te\u017eave zaradi zastarelega regulatorja, lahko ponovno dela kvalitetneje kot kadarkoli.<br \/>\nZaradi ve\u010d letnih izku\u0161enj in neprekinjenega vlaganja v ravzoj, z namenom, da dose\u017eemo najbolj kakovosten izdelek, ki je namenjen enostavni uporabi, se na nas lahko obrnete s popolnim zaupanjem.<\/p>\n","protected":false},"excerpt":{"rendered":"<p>EL-KA elektromehanika je obrtna dejavnost, katera se ukvarja s proizvodnjo raznih elektronskih regulatorjev ter valilnic za prosti \u010das in pol-profesionalno rabo. Vse valilnice imajo vgrajene na\u0161e procesorske regulatorje, ki so zelo natan\u010dni in zanesljivi. Regulatorji so ebenem na\u010drtovani tako, da se jih lahko zelo enostavno prilagodi kateremu koli tipu valilnice nekega drugega proizvajalca. Zraven proizvodnje<a class=\"moretag\" href=\"https:\/\/el-ka.hr\/slo\/o-nas\/\"><span class=\"screen-reader-text\">Read more about O nas<\/span>[&#8230;]<\/a><\/p>\n","protected":false},"author":1,"featured_media":0,"parent":0,"menu_order":0,"comment_status":"closed","ping_status":"closed","template":"","meta":{"_exactmetrics_skip_tracking":false,"_exactmetrics_sitenote_active":false,"_exactmetrics_sitenote_note":"","_exactmetrics_sitenote_category":0,"footnotes":""},"class_list":["post-88","page","type-page","status-publish","hentry"],"yoast_head":"<!-- This site is optimized with the Yoast SEO plugin v26.7 - https:\/\/yoast.com\/wordpress\/plugins\/seo\/ -->\n<title>O nama - EL-KA Elektromehanika<\/title>\n<meta name=\"description\" content=\"El-KA elektromehanika je obrtni\u010dka radnja koja se bavi proizvodnjom raznih elektronskih regulatora te inkubatora za hobi i polu profesionalnu upotrebu.\" \/>\n<meta name=\"robots\" content=\"index, follow, max-snippet:-1, max-image-preview:large, max-video-preview:-1\" \/>\n<link rel=\"canonical\" href=\"https:\/\/el-ka.hr\/slo\/o-nas\/\" \/>\n<meta property=\"og:locale\" content=\"hr_HR\" \/>\n<meta property=\"og:type\" content=\"article\" \/>\n<meta property=\"og:title\" content=\"O nama - EL-KA Elektromehanika\" \/>\n<meta property=\"og:description\" content=\"El-KA elektromehanika je obrtni\u010dka radnja koja se bavi proizvodnjom raznih elektronskih regulatora te inkubatora za hobi i polu profesionalnu upotrebu.\" \/>\n<meta property=\"og:url\" content=\"https:\/\/el-ka.hr\/slo\/o-nas\/\" \/>\n<meta property=\"og:site_name\" content=\"El-KA elektromehanika\" \/>\n<meta property=\"article:modified_time\" content=\"2017-12-08T18:16:52+00:00\" \/>\n<meta name=\"twitter:card\" content=\"summary_large_image\" \/>\n<meta name=\"twitter:label1\" content=\"Procijenjeno vrijeme \u010ditanja\" \/>\n\t<meta name=\"twitter:data1\" content=\"1 minuta\" \/>\n<script type=\"application\/ld+json\" class=\"yoast-schema-graph\">{\"@context\":\"https:\/\/schema.org\",\"@graph\":[{\"@type\":\"WebPage\",\"@id\":\"https:\/\/el-ka.hr\/slo\/o-nas\/\",\"url\":\"https:\/\/el-ka.hr\/slo\/o-nas\/\",\"name\":\"O nama - EL-KA Elektromehanika\",\"isPartOf\":{\"@id\":\"https:\/\/el-ka.hr\/slo\/#website\"},\"datePublished\":\"2017-08-14T18:57:04+00:00\",\"dateModified\":\"2017-12-08T18:16:52+00:00\",\"description\":\"El-KA elektromehanika je obrtni\u010dka radnja koja se bavi proizvodnjom raznih elektronskih regulatora te inkubatora za hobi i polu profesionalnu upotrebu.\",\"breadcrumb\":{\"@id\":\"https:\/\/el-ka.hr\/slo\/o-nas\/#breadcrumb\"},\"inLanguage\":\"hr\",\"potentialAction\":[{\"@type\":\"ReadAction\",\"target\":[\"https:\/\/el-ka.hr\/slo\/o-nas\/\"]}]},{\"@type\":\"BreadcrumbList\",\"@id\":\"https:\/\/el-ka.hr\/slo\/o-nas\/#breadcrumb\",\"itemListElement\":[{\"@type\":\"ListItem\",\"position\":1,\"name\":\"Po\u010detna stranica\",\"item\":\"https:\/\/el-ka.hr\/slo\/\"},{\"@type\":\"ListItem\",\"position\":2,\"name\":\"O nas\"}]},{\"@type\":\"WebSite\",\"@id\":\"https:\/\/el-ka.hr\/slo\/#website\",\"url\":\"https:\/\/el-ka.hr\/slo\/\",\"name\":\"El-KA elektromehanika\",\"description\":\"\",\"potentialAction\":[{\"@type\":\"SearchAction\",\"target\":{\"@type\":\"EntryPoint\",\"urlTemplate\":\"https:\/\/el-ka.hr\/slo\/?s={search_term_string}\"},\"query-input\":{\"@type\":\"PropertyValueSpecification\",\"valueRequired\":true,\"valueName\":\"search_term_string\"}}],\"inLanguage\":\"hr\"}]}<\/script>\n<!-- \/ Yoast SEO plugin. -->","yoast_head_json":{"title":"O nama - EL-KA Elektromehanika","description":"El-KA elektromehanika je obrtni\u010dka radnja koja se bavi proizvodnjom raznih elektronskih regulatora te inkubatora za hobi i polu profesionalnu upotrebu.","robots":{"index":"index","follow":"follow","max-snippet":"max-snippet:-1","max-image-preview":"max-image-preview:large","max-video-preview":"max-video-preview:-1"},"canonical":"https:\/\/el-ka.hr\/slo\/o-nas\/","og_locale":"hr_HR","og_type":"article","og_title":"O nama - EL-KA Elektromehanika","og_description":"El-KA elektromehanika je obrtni\u010dka radnja koja se bavi proizvodnjom raznih elektronskih regulatora te inkubatora za hobi i polu profesionalnu upotrebu.","og_url":"https:\/\/el-ka.hr\/slo\/o-nas\/","og_site_name":"El-KA elektromehanika","article_modified_time":"2017-12-08T18:16:52+00:00","twitter_card":"summary_large_image","twitter_misc":{"Procijenjeno vrijeme \u010ditanja":"1 minuta"},"schema":{"@context":"https:\/\/schema.org","@graph":[{"@type":"WebPage","@id":"https:\/\/el-ka.hr\/slo\/o-nas\/","url":"https:\/\/el-ka.hr\/slo\/o-nas\/","name":"O nama - EL-KA Elektromehanika","isPartOf":{"@id":"https:\/\/el-ka.hr\/slo\/#website"},"datePublished":"2017-08-14T18:57:04+00:00","dateModified":"2017-12-08T18:16:52+00:00","description":"El-KA elektromehanika je obrtni\u010dka radnja koja se bavi proizvodnjom raznih elektronskih regulatora te inkubatora za hobi i polu profesionalnu upotrebu.","breadcrumb":{"@id":"https:\/\/el-ka.hr\/slo\/o-nas\/#breadcrumb"},"inLanguage":"hr","potentialAction":[{"@type":"ReadAction","target":["https:\/\/el-ka.hr\/slo\/o-nas\/"]}]},{"@type":"BreadcrumbList","@id":"https:\/\/el-ka.hr\/slo\/o-nas\/#breadcrumb","itemListElement":[{"@type":"ListItem","position":1,"name":"Po\u010detna stranica","item":"https:\/\/el-ka.hr\/slo\/"},{"@type":"ListItem","position":2,"name":"O nas"}]},{"@type":"WebSite","@id":"https:\/\/el-ka.hr\/slo\/#website","url":"https:\/\/el-ka.hr\/slo\/","name":"El-KA elektromehanika","description":"","potentialAction":[{"@type":"SearchAction","target":{"@type":"EntryPoint","urlTemplate":"https:\/\/el-ka.hr\/slo\/?s={search_term_string}"},"query-input":{"@type":"PropertyValueSpecification","valueRequired":true,"valueName":"search_term_string"}}],"inLanguage":"hr"}]}},"_links":{"self":[{"href":"https:\/\/el-ka.hr\/slo\/wp-json\/wp\/v2\/pages\/88","targetHints":{"allow":["GET"]}}],"collection":[{"href":"https:\/\/el-ka.hr\/slo\/wp-json\/wp\/v2\/pages"}],"about":[{"href":"https:\/\/el-ka.hr\/slo\/wp-json\/wp\/v2\/types\/page"}],"author":[{"embeddable":true,"href":"https:\/\/el-ka.hr\/slo\/wp-json\/wp\/v2\/users\/1"}],"replies":[{"embeddable":true,"href":"https:\/\/el-ka.hr\/slo\/wp-json\/wp\/v2\/comments?post=88"}],"version-history":[{"count":5,"href":"https:\/\/el-ka.hr\/slo\/wp-json\/wp\/v2\/pages\/88\/revisions"}],"predecessor-version":[{"id":862,"href":"https:\/\/el-ka.hr\/slo\/wp-json\/wp\/v2\/pages\/88\/revisions\/862"}],"wp:attachment":[{"href":"https:\/\/el-ka.hr\/slo\/wp-json\/wp\/v2\/media?parent=88"}],"curies":[{"name":"wp","href":"https:\/\/api.w.org\/{rel}","templated":true}]}}