{"id":382,"date":"2017-09-03T17:18:48","date_gmt":"2017-09-03T17:18:48","guid":{"rendered":"https:\/\/el-ka.hr\/slo\/?page_id=382"},"modified":"2025-01-05T17:21:09","modified_gmt":"2025-01-05T17:21:09","slug":"automatika-za-plastenik","status":"publish","type":"page","link":"https:\/\/el-ka.hr\/slo\/automatika-za-plastenik\/","title":{"rendered":"Automatika za plastenik"},"content":{"rendered":"<p>[vc_row][vc_column][vc_row_inner][vc_column_inner][vc_empty_space height=&#8221;50&#8243;][\/vc_column_inner][\/vc_row_inner][vc_row_inner][vc_column_inner width=&#8221;1\/3&#8243;][vc_column_text]<\/p>\n<style type=\"text\/css\">\n#foogallery-gallery-394 .fg-image { width: 640px; }<\/style>\n\t\t\t<div class=\"foogallery foogallery-container foogallery-image-viewer foogallery-link-image foogallery-lightbox-foobox fg-center fg-image-viewer fg-ready fg-light fg-border-thin fg-shadow-outline fg-loading-default fg-loaded-fade-in fg-caption-always fg-hover-fade fg-hover-zoom\" id=\"foogallery-gallery-394\" data-foogallery=\"{&quot;item&quot;:{&quot;showCaptionTitle&quot;:true,&quot;showCaptionDescription&quot;:false},&quot;lazy&quot;:true,&quot;template&quot;:{&quot;loop&quot;:true}}\" style=\"--fg-title-line-clamp: 0; --fg-description-line-clamp: 0;\" >\n\t<div class=\"fiv-inner\">\n\t\t<div class=\"fiv-inner-container\">\n\t\t\t<div class=\"fg-item fg-type-image fg-idle\"><figure class=\"fg-item-inner\"><a href=\"https:\/\/el-ka.hr\/slo\/wp-content\/uploads\/2017\/09\/1-Slika-PL.jpg\" data-attachment-id=\"671\" data-type=\"image\" class=\"fg-thumb\"><span class=\"fg-image-wrap\"><img fetchpriority=\"high\" decoding=\"async\" width=\"640\" height=\"360\" class=\"skip-lazy fg-image\" data-src-fg=\"https:\/\/el-ka.hr\/slo\/wp-content\/uploads\/cache\/2017\/09\/1-Slika-PL\/2256464602.jpg\" src=\"data:image\/svg+xml,%3Csvg%20xmlns%3D%22http%3A%2F%2Fwww.w3.org%2F2000%2Fsvg%22%20width%3D%22640%22%20height%3D%22360%22%20viewBox%3D%220%200%20640%20360%22%3E%3C%2Fsvg%3E\" loading=\"eager\"><\/span><span class=\"fg-image-overlay\"><\/span><\/a><\/figure><div class=\"fg-loader\"><\/div><\/div><div class=\"fg-item fg-type-image fg-idle\"><figure class=\"fg-item-inner\"><a href=\"https:\/\/el-ka.hr\/slo\/wp-content\/uploads\/2017\/09\/PL-Elektronika-1.jpg\" data-attachment-id=\"660\" data-type=\"image\" class=\"fg-thumb\"><span class=\"fg-image-wrap\"><img decoding=\"async\" width=\"640\" height=\"360\" class=\"skip-lazy fg-image\" data-src-fg=\"https:\/\/el-ka.hr\/slo\/wp-content\/uploads\/cache\/2017\/09\/PL-Elektronika-1\/1046082069.jpg\" src=\"data:image\/svg+xml,%3Csvg%20xmlns%3D%22http%3A%2F%2Fwww.w3.org%2F2000%2Fsvg%22%20width%3D%22640%22%20height%3D%22360%22%20viewBox%3D%220%200%20640%20360%22%3E%3C%2Fsvg%3E\" loading=\"eager\"><\/span><span class=\"fg-image-overlay\"><\/span><\/a><\/figure><div class=\"fg-loader\"><\/div><\/div><div class=\"fg-item fg-type-image fg-idle\"><figure class=\"fg-item-inner\"><a href=\"https:\/\/el-ka.hr\/slo\/wp-content\/uploads\/2017\/09\/PL-Upravljanje-1.jpg\" data-attachment-id=\"670\" data-type=\"image\" class=\"fg-thumb\"><span class=\"fg-image-wrap\"><img decoding=\"async\" width=\"640\" height=\"360\" class=\"skip-lazy fg-image\" data-src-fg=\"https:\/\/el-ka.hr\/slo\/wp-content\/uploads\/cache\/2017\/09\/PL-Upravljanje-1\/3140600849.jpg\" src=\"data:image\/svg+xml,%3Csvg%20xmlns%3D%22http%3A%2F%2Fwww.w3.org%2F2000%2Fsvg%22%20width%3D%22640%22%20height%3D%22360%22%20viewBox%3D%220%200%20640%20360%22%3E%3C%2Fsvg%3E\" loading=\"eager\"><\/span><span class=\"fg-image-overlay\"><\/span><\/a><\/figure><div class=\"fg-loader\"><\/div><\/div><div class=\"fg-item fg-type-image fg-idle\"><figure class=\"fg-item-inner\"><a href=\"https:\/\/el-ka.hr\/slo\/wp-content\/uploads\/2017\/09\/PL-Ulaz.jpg\" data-attachment-id=\"666\" data-type=\"image\" class=\"fg-thumb\"><span class=\"fg-image-wrap\"><img decoding=\"async\" width=\"640\" height=\"360\" class=\"skip-lazy fg-image\" data-src-fg=\"https:\/\/el-ka.hr\/slo\/wp-content\/uploads\/cache\/2017\/09\/PL-Ulaz\/2622866107.jpg\" src=\"data:image\/svg+xml,%3Csvg%20xmlns%3D%22http%3A%2F%2Fwww.w3.org%2F2000%2Fsvg%22%20width%3D%22640%22%20height%3D%22360%22%20viewBox%3D%220%200%20640%20360%22%3E%3C%2Fsvg%3E\" loading=\"eager\"><\/span><span class=\"fg-image-overlay\"><\/span><\/a><\/figure><div class=\"fg-loader\"><\/div><\/div><div class=\"fg-item fg-type-image fg-idle\"><figure class=\"fg-item-inner\"><a href=\"https:\/\/el-ka.hr\/slo\/wp-content\/uploads\/2017\/09\/PL-Unutra-2.jpg\" data-attachment-id=\"668\" data-type=\"image\" class=\"fg-thumb\"><span class=\"fg-image-wrap\"><img decoding=\"async\" width=\"640\" height=\"360\" class=\"skip-lazy fg-image\" data-src-fg=\"https:\/\/el-ka.hr\/slo\/wp-content\/uploads\/cache\/2017\/09\/PL-Unutra-2\/724507020.jpg\" src=\"data:image\/svg+xml,%3Csvg%20xmlns%3D%22http%3A%2F%2Fwww.w3.org%2F2000%2Fsvg%22%20width%3D%22640%22%20height%3D%22360%22%20viewBox%3D%220%200%20640%20360%22%3E%3C%2Fsvg%3E\" loading=\"eager\"><\/span><span class=\"fg-image-overlay\"><\/span><\/a><\/figure><div class=\"fg-loader\"><\/div><\/div><div class=\"fg-item fg-type-image fg-idle\"><figure class=\"fg-item-inner\"><a href=\"https:\/\/el-ka.hr\/slo\/wp-content\/uploads\/2017\/09\/PL-Unutra-1.jpg\" data-attachment-id=\"667\" data-type=\"image\" class=\"fg-thumb\"><span class=\"fg-image-wrap\"><img decoding=\"async\" width=\"640\" height=\"360\" class=\"skip-lazy fg-image\" data-src-fg=\"https:\/\/el-ka.hr\/slo\/wp-content\/uploads\/cache\/2017\/09\/PL-Unutra-1\/1716387476.jpg\" src=\"data:image\/svg+xml,%3Csvg%20xmlns%3D%22http%3A%2F%2Fwww.w3.org%2F2000%2Fsvg%22%20width%3D%22640%22%20height%3D%22360%22%20viewBox%3D%220%200%20640%20360%22%3E%3C%2Fsvg%3E\" loading=\"eager\"><\/span><span class=\"fg-image-overlay\"><\/span><\/a><\/figure><div class=\"fg-loader\"><\/div><\/div>\t\t<\/div>\n\t\t<div class=\"fiv-ctrls\">\n\t\t\t<button type=\"button\" class=\"fiv-prev\" title=\"Prev\"><span>Prev<\/span><\/button>\n\t\t\t<label class=\"fiv-count\"><span class=\"fiv-count-current\">1<\/span>of<span class=\"fiv-count-total\">6<\/span><\/label>\n\t\t\t<button type=\"button\" class=\"fiv-next\" title=\"Next\"><span>Next<\/span><\/button>\n\t\t<\/div>\n\t<\/div>\n<\/div>\n<p>[\/vc_column_text][\/vc_column_inner][vc_column_inner width=&#8221;2\/3&#8243;][vc_column_text]<strong>Automatika za upravljanje plastenikom<\/strong><\/p>\n<hr \/>\n<p>Osnovna verzija opremljena je sa dva<br \/>\nsenzora.<br \/>\n&#8211; senzor temperature zraka<br \/>\n&#8211; senzor brzine vjetra &#8211; anemometar<br \/>\nU slu\u010daju prevelike brzine vjetra<br \/>\nure\u0111aj automatski pokre\u010de zatvaranje.<br \/>\nIZLAZI:<br \/>\n&#8211; izlaz za motore -bo\u010dno otvaranje<br \/>\n&#8211; izlaz za uklju\u010denje grijanja<br \/>\n&#8211; izlaz za alarm<br \/>\nMotori za bo\u010dno otvaranje do 80metara ( motori 2 komada )<br \/>\n<a href=\"\/wp-content\/uploads\/2018\/02\/Cjenik2018.pdf\"><span style=\"color: #ff0000;\"><strong>CIJENA osnovne verzije:\u00a0 \u00a0895 \u20ac<\/strong><\/span><\/a><\/p>\n<hr \/>\n<p>Ovisno o potrebama mo\u017eemo dodati:<br \/>\n&#8211; senzor ki\u0161e<br \/>\n&#8211; temperaturni senzor 2<br \/>\n&#8211; senzor vla\u017enosti zraka<br \/>\n&#8211; upravljanje krovnim otvaranjem<br \/>\n&#8211; solarno napajanje<br \/>\n<a href=\"\/wp-content\/uploads\/2018\/02\/Cjenik2018.pdf\"><span style=\"color: #ff0000;\"><strong>Cijene dodataka<\/strong><\/span><\/a><\/p>\n<p>Ako je ure\u0111aj opremljen sa svim<br \/>\nsenzorima koji su gore navedeni<br \/>\nmogu\u010de je preko njegovih 9 izlaza<br \/>\nupravljati sa:<\/p>\n<p>izl. 1 -grijanje plastenika<br \/>\nizl. 2 -bo\u010dno otvaranje<br \/>\nizl. 3 -bo\u010dno zatvaranje<br \/>\nizl. 4 -otvaranje krova<br \/>\nizl. 5 -grijanje 2, klijali\u0161te<br \/>\nizl. 6 -dovla\u017eivanje, odvla\u017eivanje<br \/>\nizl. 7 -alarm temper. ili vlage<br \/>\nizl. 8 -vremenski 1 zalijevanje<br \/>\nizl. 9 -vremenski 2 rezrva[\/vc_column_text][vc_btn title=&#8221;Upute za automatiku plastenika v.02&#8243; style=&#8221;flat&#8221; shape=&#8221;square&#8221; color=&#8221;sky&#8221; size=&#8221;xs&#8221; i_icon_fontawesome=&#8221;fa fa-file-pdf-o&#8221; add_icon=&#8221;true&#8221; link=&#8221;url:%2Fslo%2Fwp-content%2Fuploads%2F2017%2F09%2FPlastenik-Upute2.pdf||target:%20_blank|&#8221;][\/vc_column_inner][\/vc_row_inner][\/vc_column][vc_column][\/vc_column][\/vc_row]<\/p>\n","protected":false},"excerpt":{"rendered":"<p>[vc_row][vc_column][vc_row_inner][vc_column_inner][vc_empty_space height=&#8221;50&#8243;][\/vc_column_inner][\/vc_row_inner][vc_row_inner][vc_column_inner width=&#8221;1\/3&#8243;][vc_column_text] [\/vc_column_text][\/vc_column_inner][vc_column_inner width=&#8221;2\/3&#8243;][vc_column_text]Automatika za upravljanje plastenikom Osnovna verzija opremljena je sa dva senzora. &#8211; senzor temperature zraka &#8211; senzor brzine vjetra &#8211; anemometar U slu\u010daju prevelike brzine vjetra ure\u0111aj automatski pokre\u010de zatvaranje. IZLAZI: &#8211; izlaz za motore -bo\u010dno otvaranje &#8211; izlaz za uklju\u010denje grijanja &#8211; izlaz za alarm Motori za bo\u010dno otvaranje do<a class=\"moretag\" href=\"https:\/\/el-ka.hr\/slo\/automatika-za-plastenik\/\"><span class=\"screen-reader-text\">Read more about Automatika za plastenik<\/span>[&#8230;]<\/a><\/p>\n","protected":false},"author":1,"featured_media":0,"parent":0,"menu_order":0,"comment_status":"closed","ping_status":"closed","template":"","meta":{"_exactmetrics_skip_tracking":false,"_exactmetrics_sitenote_active":false,"_exactmetrics_sitenote_note":"","_exactmetrics_sitenote_category":0,"footnotes":""},"class_list":["post-382","page","type-page","status-publish","hentry"],"yoast_head":"<!-- This site is optimized with the Yoast SEO plugin v26.7 - https:\/\/yoast.com\/wordpress\/plugins\/seo\/ -->\n<title>Automatika za plastenik - El-KA elektromehanika<\/title>\n<meta name=\"robots\" content=\"index, follow, max-snippet:-1, max-image-preview:large, max-video-preview:-1\" \/>\n<link rel=\"canonical\" href=\"https:\/\/el-ka.hr\/slo\/automatika-za-plastenik\/\" \/>\n<meta property=\"og:locale\" content=\"hr_HR\" \/>\n<meta property=\"og:type\" content=\"article\" \/>\n<meta property=\"og:title\" content=\"Automatika za plastenik - El-KA elektromehanika\" \/>\n<meta property=\"og:description\" content=\"[vc_row][vc_column][vc_row_inner][vc_column_inner][vc_empty_space height=&#8221;50&#8243;][\/vc_column_inner][\/vc_row_inner][vc_row_inner][vc_column_inner width=&#8221;1\/3&#8243;][vc_column_text] [\/vc_column_text][\/vc_column_inner][vc_column_inner width=&#8221;2\/3&#8243;][vc_column_text]Automatika za upravljanje plastenikom Osnovna verzija opremljena je sa dva senzora. &#8211; senzor temperature zraka &#8211; senzor brzine vjetra &#8211; anemometar U slu\u010daju prevelike brzine vjetra ure\u0111aj automatski pokre\u010de zatvaranje. IZLAZI: &#8211; izlaz za motore -bo\u010dno otvaranje &#8211; izlaz za uklju\u010denje grijanja &#8211; izlaz za alarm Motori za bo\u010dno otvaranje doRead more about Automatika za plastenik[...]\" \/>\n<meta property=\"og:url\" content=\"https:\/\/el-ka.hr\/slo\/automatika-za-plastenik\/\" \/>\n<meta property=\"og:site_name\" content=\"El-KA elektromehanika\" \/>\n<meta property=\"article:modified_time\" content=\"2025-01-05T17:21:09+00:00\" \/>\n<meta name=\"twitter:card\" content=\"summary_large_image\" \/>\n<meta name=\"twitter:label1\" content=\"Procijenjeno vrijeme \u010ditanja\" \/>\n\t<meta name=\"twitter:data1\" content=\"1 minuta\" \/>\n<script type=\"application\/ld+json\" class=\"yoast-schema-graph\">{\"@context\":\"https:\/\/schema.org\",\"@graph\":[{\"@type\":\"WebPage\",\"@id\":\"https:\/\/el-ka.hr\/slo\/automatika-za-plastenik\/\",\"url\":\"https:\/\/el-ka.hr\/slo\/automatika-za-plastenik\/\",\"name\":\"Automatika za plastenik - El-KA elektromehanika\",\"isPartOf\":{\"@id\":\"https:\/\/el-ka.hr\/slo\/#website\"},\"datePublished\":\"2017-09-03T17:18:48+00:00\",\"dateModified\":\"2025-01-05T17:21:09+00:00\",\"breadcrumb\":{\"@id\":\"https:\/\/el-ka.hr\/slo\/automatika-za-plastenik\/#breadcrumb\"},\"inLanguage\":\"hr\",\"potentialAction\":[{\"@type\":\"ReadAction\",\"target\":[\"https:\/\/el-ka.hr\/slo\/automatika-za-plastenik\/\"]}]},{\"@type\":\"BreadcrumbList\",\"@id\":\"https:\/\/el-ka.hr\/slo\/automatika-za-plastenik\/#breadcrumb\",\"itemListElement\":[{\"@type\":\"ListItem\",\"position\":1,\"name\":\"Po\u010detna stranica\",\"item\":\"https:\/\/el-ka.hr\/slo\/\"},{\"@type\":\"ListItem\",\"position\":2,\"name\":\"Automatika za plastenik\"}]},{\"@type\":\"WebSite\",\"@id\":\"https:\/\/el-ka.hr\/slo\/#website\",\"url\":\"https:\/\/el-ka.hr\/slo\/\",\"name\":\"El-KA elektromehanika\",\"description\":\"\",\"potentialAction\":[{\"@type\":\"SearchAction\",\"target\":{\"@type\":\"EntryPoint\",\"urlTemplate\":\"https:\/\/el-ka.hr\/slo\/?s={search_term_string}\"},\"query-input\":{\"@type\":\"PropertyValueSpecification\",\"valueRequired\":true,\"valueName\":\"search_term_string\"}}],\"inLanguage\":\"hr\"}]}<\/script>\n<!-- \/ Yoast SEO plugin. -->","yoast_head_json":{"title":"Automatika za plastenik - El-KA elektromehanika","robots":{"index":"index","follow":"follow","max-snippet":"max-snippet:-1","max-image-preview":"max-image-preview:large","max-video-preview":"max-video-preview:-1"},"canonical":"https:\/\/el-ka.hr\/slo\/automatika-za-plastenik\/","og_locale":"hr_HR","og_type":"article","og_title":"Automatika za plastenik - El-KA elektromehanika","og_description":"[vc_row][vc_column][vc_row_inner][vc_column_inner][vc_empty_space height=&#8221;50&#8243;][\/vc_column_inner][\/vc_row_inner][vc_row_inner][vc_column_inner width=&#8221;1\/3&#8243;][vc_column_text] [\/vc_column_text][\/vc_column_inner][vc_column_inner width=&#8221;2\/3&#8243;][vc_column_text]Automatika za upravljanje plastenikom Osnovna verzija opremljena je sa dva senzora. &#8211; senzor temperature zraka &#8211; senzor brzine vjetra &#8211; anemometar U slu\u010daju prevelike brzine vjetra ure\u0111aj automatski pokre\u010de zatvaranje. IZLAZI: &#8211; izlaz za motore -bo\u010dno otvaranje &#8211; izlaz za uklju\u010denje grijanja &#8211; izlaz za alarm Motori za bo\u010dno otvaranje doRead more about Automatika za plastenik[...]","og_url":"https:\/\/el-ka.hr\/slo\/automatika-za-plastenik\/","og_site_name":"El-KA elektromehanika","article_modified_time":"2025-01-05T17:21:09+00:00","twitter_card":"summary_large_image","twitter_misc":{"Procijenjeno vrijeme \u010ditanja":"1 minuta"},"schema":{"@context":"https:\/\/schema.org","@graph":[{"@type":"WebPage","@id":"https:\/\/el-ka.hr\/slo\/automatika-za-plastenik\/","url":"https:\/\/el-ka.hr\/slo\/automatika-za-plastenik\/","name":"Automatika za plastenik - El-KA elektromehanika","isPartOf":{"@id":"https:\/\/el-ka.hr\/slo\/#website"},"datePublished":"2017-09-03T17:18:48+00:00","dateModified":"2025-01-05T17:21:09+00:00","breadcrumb":{"@id":"https:\/\/el-ka.hr\/slo\/automatika-za-plastenik\/#breadcrumb"},"inLanguage":"hr","potentialAction":[{"@type":"ReadAction","target":["https:\/\/el-ka.hr\/slo\/automatika-za-plastenik\/"]}]},{"@type":"BreadcrumbList","@id":"https:\/\/el-ka.hr\/slo\/automatika-za-plastenik\/#breadcrumb","itemListElement":[{"@type":"ListItem","position":1,"name":"Po\u010detna stranica","item":"https:\/\/el-ka.hr\/slo\/"},{"@type":"ListItem","position":2,"name":"Automatika za plastenik"}]},{"@type":"WebSite","@id":"https:\/\/el-ka.hr\/slo\/#website","url":"https:\/\/el-ka.hr\/slo\/","name":"El-KA elektromehanika","description":"","potentialAction":[{"@type":"SearchAction","target":{"@type":"EntryPoint","urlTemplate":"https:\/\/el-ka.hr\/slo\/?s={search_term_string}"},"query-input":{"@type":"PropertyValueSpecification","valueRequired":true,"valueName":"search_term_string"}}],"inLanguage":"hr"}]}},"_links":{"self":[{"href":"https:\/\/el-ka.hr\/slo\/wp-json\/wp\/v2\/pages\/382","targetHints":{"allow":["GET"]}}],"collection":[{"href":"https:\/\/el-ka.hr\/slo\/wp-json\/wp\/v2\/pages"}],"about":[{"href":"https:\/\/el-ka.hr\/slo\/wp-json\/wp\/v2\/types\/page"}],"author":[{"embeddable":true,"href":"https:\/\/el-ka.hr\/slo\/wp-json\/wp\/v2\/users\/1"}],"replies":[{"embeddable":true,"href":"https:\/\/el-ka.hr\/slo\/wp-json\/wp\/v2\/comments?post=382"}],"version-history":[{"count":21,"href":"https:\/\/el-ka.hr\/slo\/wp-json\/wp\/v2\/pages\/382\/revisions"}],"predecessor-version":[{"id":990,"href":"https:\/\/el-ka.hr\/slo\/wp-json\/wp\/v2\/pages\/382\/revisions\/990"}],"wp:attachment":[{"href":"https:\/\/el-ka.hr\/slo\/wp-json\/wp\/v2\/media?parent=382"}],"curies":[{"name":"wp","href":"https:\/\/api.w.org\/{rel}","templated":true}]}}