{"id":237,"date":"2017-09-01T16:05:57","date_gmt":"2017-09-01T16:05:57","guid":{"rendered":"https:\/\/el-ka.hr\/slo\/?page_id=237"},"modified":"2025-09-30T07:15:01","modified_gmt":"2025-09-30T07:15:01","slug":"k-180b","status":"publish","type":"page","link":"https:\/\/el-ka.hr\/slo\/k-180b\/","title":{"rendered":"K-120P  &#8230;&#8230;  K-180B"},"content":{"rendered":"<p>[vc_row][vc_column][vc_row_inner][vc_column_inner][vc_empty_space height=&#8221;50&#8243;][\/vc_column_inner][\/vc_row_inner][vc_row_inner][vc_column_inner width=&#8221;1\/3&#8243;][vc_column_text]<\/p>\n<style type=\"text\/css\">\n#foogallery-gallery-277 .fg-image { width: 640px; }<\/style>\n\t\t\t<div class=\"foogallery foogallery-container foogallery-image-viewer foogallery-link-image foogallery-lightbox-foobox fg-center fg-image-viewer fg-ready fg-light fg-border-thin fg-shadow-outline fg-loading-default fg-loaded-fade-in fg-caption-always fg-hover-fade fg-hover-zoom\" id=\"foogallery-gallery-277\" data-foogallery=\"{&quot;item&quot;:{&quot;showCaptionTitle&quot;:true,&quot;showCaptionDescription&quot;:false},&quot;lazy&quot;:true,&quot;template&quot;:{&quot;loop&quot;:true}}\" style=\"--fg-title-line-clamp: 0; --fg-description-line-clamp: 0;\" >\n\t<div class=\"fiv-inner\">\n\t\t<div class=\"fiv-inner-container\">\n\t\t\t<div class=\"fg-item fg-type-image fg-idle\"><figure class=\"fg-item-inner\"><a href=\"https:\/\/el-ka.hr\/slo\/wp-content\/uploads\/2025\/09\/InkubatorK-120CP.jpg\" data-attachment-id=\"996\" data-type=\"image\" class=\"fg-thumb\"><span class=\"fg-image-wrap\"><img fetchpriority=\"high\" decoding=\"async\" width=\"468\" height=\"360\" class=\"skip-lazy fg-image\" data-src-fg=\"https:\/\/el-ka.hr\/slo\/wp-content\/uploads\/cache\/2025\/09\/InkubatorK-120CP\/2033172400.jpg\" src=\"data:image\/svg+xml,%3Csvg%20xmlns%3D%22http%3A%2F%2Fwww.w3.org%2F2000%2Fsvg%22%20width%3D%22468%22%20height%3D%22360%22%20viewBox%3D%220%200%20468%20360%22%3E%3C%2Fsvg%3E\" loading=\"eager\"><\/span><span class=\"fg-image-overlay\"><\/span><\/a><\/figure><div class=\"fg-loader\"><\/div><\/div><div class=\"fg-item fg-type-image fg-idle\"><figure class=\"fg-item-inner\"><a href=\"https:\/\/el-ka.hr\/slo\/wp-content\/uploads\/2017\/09\/6-KalimeroK180patke.jpg\" data-attachment-id=\"588\" data-type=\"image\" class=\"fg-thumb\"><span class=\"fg-image-wrap\"><img decoding=\"async\" width=\"468\" height=\"360\" class=\"skip-lazy fg-image\" data-src-fg=\"https:\/\/el-ka.hr\/slo\/wp-content\/uploads\/cache\/2017\/09\/6-KalimeroK180patke\/3084711245.jpg\" src=\"data:image\/svg+xml,%3Csvg%20xmlns%3D%22http%3A%2F%2Fwww.w3.org%2F2000%2Fsvg%22%20width%3D%22468%22%20height%3D%22360%22%20viewBox%3D%220%200%20468%20360%22%3E%3C%2Fsvg%3E\" loading=\"eager\"><\/span><span class=\"fg-image-overlay\"><\/span><\/a><\/figure><div class=\"fg-loader\"><\/div><\/div><div class=\"fg-item fg-type-image fg-idle\"><figure class=\"fg-item-inner\"><a href=\"https:\/\/el-ka.hr\/slo\/wp-content\/uploads\/2017\/09\/7-KalimeroK180patke.jpg\" data-attachment-id=\"589\" data-type=\"image\" class=\"fg-thumb\"><span class=\"fg-image-wrap\"><img decoding=\"async\" width=\"468\" height=\"360\" class=\"skip-lazy fg-image\" data-src-fg=\"https:\/\/el-ka.hr\/slo\/wp-content\/uploads\/cache\/2017\/09\/7-KalimeroK180patke\/2494929236.jpg\" src=\"data:image\/svg+xml,%3Csvg%20xmlns%3D%22http%3A%2F%2Fwww.w3.org%2F2000%2Fsvg%22%20width%3D%22468%22%20height%3D%22360%22%20viewBox%3D%220%200%20468%20360%22%3E%3C%2Fsvg%3E\" loading=\"eager\"><\/span><span class=\"fg-image-overlay\"><\/span><\/a><\/figure><div class=\"fg-loader\"><\/div><\/div><div class=\"fg-item fg-type-image fg-idle\"><figure class=\"fg-item-inner\"><a href=\"https:\/\/el-ka.hr\/slo\/wp-content\/uploads\/2017\/09\/5-KalimeroK180pilici.jpg\" data-attachment-id=\"587\" data-type=\"image\" class=\"fg-thumb\"><span class=\"fg-image-wrap\"><img decoding=\"async\" width=\"468\" height=\"360\" class=\"skip-lazy fg-image\" data-src-fg=\"https:\/\/el-ka.hr\/slo\/wp-content\/uploads\/cache\/2017\/09\/5-KalimeroK180pilici\/1512851246.jpg\" src=\"data:image\/svg+xml,%3Csvg%20xmlns%3D%22http%3A%2F%2Fwww.w3.org%2F2000%2Fsvg%22%20width%3D%22468%22%20height%3D%22360%22%20viewBox%3D%220%200%20468%20360%22%3E%3C%2Fsvg%3E\" loading=\"eager\"><\/span><span class=\"fg-image-overlay\"><\/span><\/a><\/figure><div class=\"fg-loader\"><\/div><\/div><div class=\"fg-item fg-type-image fg-idle\"><figure class=\"fg-item-inner\"><a href=\"https:\/\/el-ka.hr\/slo\/wp-content\/uploads\/2017\/09\/4-KalimeroK180pilici.jpg\" data-attachment-id=\"586\" data-type=\"image\" class=\"fg-thumb\"><span class=\"fg-image-wrap\"><img decoding=\"async\" width=\"468\" height=\"360\" class=\"skip-lazy fg-image\" data-src-fg=\"https:\/\/el-ka.hr\/slo\/wp-content\/uploads\/cache\/2017\/09\/4-KalimeroK180pilici\/1046775426.jpg\" src=\"data:image\/svg+xml,%3Csvg%20xmlns%3D%22http%3A%2F%2Fwww.w3.org%2F2000%2Fsvg%22%20width%3D%22468%22%20height%3D%22360%22%20viewBox%3D%220%200%20468%20360%22%3E%3C%2Fsvg%3E\" loading=\"eager\"><\/span><span class=\"fg-image-overlay\"><\/span><\/a><\/figure><div class=\"fg-loader\"><\/div><\/div><div class=\"fg-item fg-type-image fg-idle\"><figure class=\"fg-item-inner\"><a href=\"https:\/\/el-ka.hr\/slo\/wp-content\/uploads\/2017\/09\/3-KalimeroK180Bo.jpg\" data-attachment-id=\"585\" data-type=\"image\" class=\"fg-thumb\"><span class=\"fg-image-wrap\"><img decoding=\"async\" width=\"468\" height=\"360\" class=\"skip-lazy fg-image\" data-src-fg=\"https:\/\/el-ka.hr\/slo\/wp-content\/uploads\/cache\/2017\/09\/3-KalimeroK180Bo\/2933862877.jpg\" src=\"data:image\/svg+xml,%3Csvg%20xmlns%3D%22http%3A%2F%2Fwww.w3.org%2F2000%2Fsvg%22%20width%3D%22468%22%20height%3D%22360%22%20viewBox%3D%220%200%20468%20360%22%3E%3C%2Fsvg%3E\" loading=\"eager\"><\/span><span class=\"fg-image-overlay\"><\/span><\/a><\/figure><div class=\"fg-loader\"><\/div><\/div><div class=\"fg-item fg-type-image fg-idle\"><figure class=\"fg-item-inner\"><a href=\"https:\/\/el-ka.hr\/slo\/wp-content\/uploads\/2017\/09\/9-K63CMotor.jpg\" data-attachment-id=\"580\" data-type=\"image\" class=\"fg-thumb\"><span class=\"fg-image-wrap\"><img decoding=\"async\" width=\"468\" height=\"360\" class=\"skip-lazy fg-image\" data-src-fg=\"https:\/\/el-ka.hr\/slo\/wp-content\/uploads\/cache\/2017\/09\/9-K63CMotor\/426857361.jpg\" src=\"data:image\/svg+xml,%3Csvg%20xmlns%3D%22http%3A%2F%2Fwww.w3.org%2F2000%2Fsvg%22%20width%3D%22468%22%20height%3D%22360%22%20viewBox%3D%220%200%20468%20360%22%3E%3C%2Fsvg%3E\" loading=\"eager\"><\/span><span class=\"fg-image-overlay\"><\/span><\/a><\/figure><div class=\"fg-loader\"><\/div><\/div><div class=\"fg-item fg-type-image fg-idle\"><figure class=\"fg-item-inner\"><a href=\"https:\/\/el-ka.hr\/slo\/wp-content\/uploads\/2017\/09\/K-180Z1.jpg\" data-attachment-id=\"590\" data-type=\"image\" class=\"fg-thumb\"><span class=\"fg-image-wrap\"><img decoding=\"async\" width=\"468\" height=\"360\" class=\"skip-lazy fg-image\" data-src-fg=\"https:\/\/el-ka.hr\/slo\/wp-content\/uploads\/cache\/2017\/09\/K-180Z1\/3585183994.jpg\" src=\"data:image\/svg+xml,%3Csvg%20xmlns%3D%22http%3A%2F%2Fwww.w3.org%2F2000%2Fsvg%22%20width%3D%22468%22%20height%3D%22360%22%20viewBox%3D%220%200%20468%20360%22%3E%3C%2Fsvg%3E\" loading=\"eager\"><\/span><span class=\"fg-image-overlay\"><\/span><\/a><\/figure><div class=\"fg-loader\"><\/div><\/div>\t\t<\/div>\n\t\t<div class=\"fiv-ctrls\">\n\t\t\t<button type=\"button\" class=\"fiv-prev\" title=\"Prev\"><span>Prev<\/span><\/button>\n\t\t\t<label class=\"fiv-count\"><span class=\"fiv-count-current\">1<\/span>of<span class=\"fiv-count-total\">8<\/span><\/label>\n\t\t\t<button type=\"button\" class=\"fiv-next\" title=\"Next\"><span>Next<\/span><\/button>\n\t\t<\/div>\n\t<\/div>\n<\/div>\n<p>[\/vc_column_text][\/vc_column_inner][vc_column_inner width=&#8221;2\/3&#8243;][vc_column_text]<strong>K-120P\u00a0 automatsko obra\u010danje<\/strong><\/p>\n<p><strong>KAPACITET :<\/strong><\/p>\n<p>koko\u0161i \u2013 126 jaja<br \/>\npure \u2013 117 jaja<br \/>\npatke \u2013 117 jaja<br \/>\nguske \u2013 60 jaja<\/p>\n<p>Dimenzije : \u0161-64cm, v-31cm, d-73cm<br \/>\nMasa : 19kg<br \/>\nIzra\u0111en od izolacijski panela debljine 24mm (plastika, izolacija, plastika)<\/p>\n<p>Ku\u010di\u0161te otporno na vodu<br \/>\nSnaga : 140W<br \/>\nRegulator temp. : procesorski sa digit. pokazivanjem temperature<br \/>\nOkretanje jaja automatsko<\/p>\n<p><span style=\"color: #ff0000;\"><strong>Cena :\u00a0\u00a0 K-120P\u00a0 \u00a0 \u00a0 \u00a0380<\/strong><strong>\u20ac<\/strong><\/span><\/p>\n<p>&nbsp;<\/p>\n<p><strong>K-180B\u00a0 automatsko okretanje<\/strong><\/p>\n<p><strong>KAPACITET :<\/strong><\/p>\n<p>koko\u0161i \u2013 180 jaja<br \/>\npure \u2013 176 jaja<br \/>\npatke \u2013 176 jaja<br \/>\nguske \u2013 90 jaja<\/p>\n<p>Dimenzije : \u0161-76cm, v-32cm, d-84cm<br \/>\nMasa : 27kg<br \/>\nIzolacija u stjenkama : 2 cm<br \/>\nSnaga : 170W<br \/>\nRegulator temp. : procesorski sa digit. pokazivanjem temperature<br \/>\nOkretanje jaja : poluautomatsko &#8211; jednom ru\u010dicom okre\u0107ete sva jaja odjednom<\/p>\n<p><span style=\"color: #ff0000;\"><strong>Cena :\u00a0\u00a0 K-180B\u00a0 automatski\u00a0 \u00a0 \u00a0 \u00a0390<\/strong><strong>\u20ac<\/strong><\/span>[\/vc_column_text][vc_btn title=&#8221;upute za jednoslojne inkubatore od 2015 do 2024&#8243; style=&#8221;flat&#8221; shape=&#8221;square&#8221; color=&#8221;sky&#8221; i_icon_fontawesome=&#8221;fa fa-file-pdf-o&#8221; add_icon=&#8221;true&#8221; link=&#8221;url:%2Fslo%2Fwp-content%2Fuploads%2F2017%2F12%2FUpute-K63-K180-2017-SLO.pdf||target:%20_blank|&#8221;][\/vc_column_inner][\/vc_row_inner][\/vc_column][vc_column][\/vc_column][\/vc_row]<\/p>\n","protected":false},"excerpt":{"rendered":"<p>[vc_row][vc_column][vc_row_inner][vc_column_inner][vc_empty_space height=&#8221;50&#8243;][\/vc_column_inner][\/vc_row_inner][vc_row_inner][vc_column_inner width=&#8221;1\/3&#8243;][vc_column_text] [\/vc_column_text][\/vc_column_inner][vc_column_inner width=&#8221;2\/3&#8243;][vc_column_text]K-120P\u00a0 automatsko obra\u010danje KAPACITET : koko\u0161i \u2013 126 jaja pure \u2013 117 jaja patke \u2013 117 jaja guske \u2013 60 jaja Dimenzije : \u0161-64cm, v-31cm, d-73cm Masa : 19kg Izra\u0111en od izolacijski panela debljine 24mm (plastika, izolacija, plastika) Ku\u010di\u0161te otporno na vodu Snaga : 140W Regulator temp. : procesorski sa digit.<a class=\"moretag\" href=\"https:\/\/el-ka.hr\/slo\/k-180b\/\"><span class=\"screen-reader-text\">Read more about K-120P  &#8230;&#8230;  K-180B<\/span>[&#8230;]<\/a><\/p>\n","protected":false},"author":1,"featured_media":0,"parent":0,"menu_order":0,"comment_status":"closed","ping_status":"closed","template":"","meta":{"_exactmetrics_skip_tracking":false,"_exactmetrics_sitenote_active":false,"_exactmetrics_sitenote_note":"","_exactmetrics_sitenote_category":0,"footnotes":""},"class_list":["post-237","page","type-page","status-publish","hentry"],"yoast_head":"<!-- This site is optimized with the Yoast SEO plugin v26.7 - https:\/\/yoast.com\/wordpress\/plugins\/seo\/ -->\n<title>K-120P ...... K-180B - El-KA elektromehanika<\/title>\n<meta name=\"robots\" content=\"index, follow, max-snippet:-1, max-image-preview:large, max-video-preview:-1\" \/>\n<link rel=\"canonical\" href=\"https:\/\/el-ka.hr\/slo\/k-180b\/\" \/>\n<meta property=\"og:locale\" content=\"hr_HR\" \/>\n<meta property=\"og:type\" content=\"article\" \/>\n<meta property=\"og:title\" content=\"K-120P ...... K-180B - El-KA elektromehanika\" \/>\n<meta property=\"og:description\" content=\"[vc_row][vc_column][vc_row_inner][vc_column_inner][vc_empty_space height=&#8221;50&#8243;][\/vc_column_inner][\/vc_row_inner][vc_row_inner][vc_column_inner width=&#8221;1\/3&#8243;][vc_column_text] [\/vc_column_text][\/vc_column_inner][vc_column_inner width=&#8221;2\/3&#8243;][vc_column_text]K-120P\u00a0 automatsko obra\u010danje KAPACITET : koko\u0161i \u2013 126 jaja pure \u2013 117 jaja patke \u2013 117 jaja guske \u2013 60 jaja Dimenzije : \u0161-64cm, v-31cm, d-73cm Masa : 19kg Izra\u0111en od izolacijski panela debljine 24mm (plastika, izolacija, plastika) Ku\u010di\u0161te otporno na vodu Snaga : 140W Regulator temp. : procesorski sa digit.Read more about K-120P &#8230;&#8230; K-180B[...]\" \/>\n<meta property=\"og:url\" content=\"https:\/\/el-ka.hr\/slo\/k-180b\/\" \/>\n<meta property=\"og:site_name\" content=\"El-KA elektromehanika\" \/>\n<meta property=\"article:modified_time\" content=\"2025-09-30T07:15:01+00:00\" \/>\n<meta name=\"twitter:card\" content=\"summary_large_image\" \/>\n<meta name=\"twitter:label1\" content=\"Procijenjeno vrijeme \u010ditanja\" \/>\n\t<meta name=\"twitter:data1\" content=\"1 minuta\" \/>\n<script type=\"application\/ld+json\" class=\"yoast-schema-graph\">{\"@context\":\"https:\/\/schema.org\",\"@graph\":[{\"@type\":\"WebPage\",\"@id\":\"https:\/\/el-ka.hr\/slo\/k-180b\/\",\"url\":\"https:\/\/el-ka.hr\/slo\/k-180b\/\",\"name\":\"K-120P ...... K-180B - El-KA elektromehanika\",\"isPartOf\":{\"@id\":\"https:\/\/el-ka.hr\/slo\/#website\"},\"datePublished\":\"2017-09-01T16:05:57+00:00\",\"dateModified\":\"2025-09-30T07:15:01+00:00\",\"breadcrumb\":{\"@id\":\"https:\/\/el-ka.hr\/slo\/k-180b\/#breadcrumb\"},\"inLanguage\":\"hr\",\"potentialAction\":[{\"@type\":\"ReadAction\",\"target\":[\"https:\/\/el-ka.hr\/slo\/k-180b\/\"]}]},{\"@type\":\"BreadcrumbList\",\"@id\":\"https:\/\/el-ka.hr\/slo\/k-180b\/#breadcrumb\",\"itemListElement\":[{\"@type\":\"ListItem\",\"position\":1,\"name\":\"Po\u010detna stranica\",\"item\":\"https:\/\/el-ka.hr\/slo\/\"},{\"@type\":\"ListItem\",\"position\":2,\"name\":\"K-120P &#8230;&#8230; K-180B\"}]},{\"@type\":\"WebSite\",\"@id\":\"https:\/\/el-ka.hr\/slo\/#website\",\"url\":\"https:\/\/el-ka.hr\/slo\/\",\"name\":\"El-KA elektromehanika\",\"description\":\"\",\"potentialAction\":[{\"@type\":\"SearchAction\",\"target\":{\"@type\":\"EntryPoint\",\"urlTemplate\":\"https:\/\/el-ka.hr\/slo\/?s={search_term_string}\"},\"query-input\":{\"@type\":\"PropertyValueSpecification\",\"valueRequired\":true,\"valueName\":\"search_term_string\"}}],\"inLanguage\":\"hr\"}]}<\/script>\n<!-- \/ Yoast SEO plugin. -->","yoast_head_json":{"title":"K-120P ...... K-180B - El-KA elektromehanika","robots":{"index":"index","follow":"follow","max-snippet":"max-snippet:-1","max-image-preview":"max-image-preview:large","max-video-preview":"max-video-preview:-1"},"canonical":"https:\/\/el-ka.hr\/slo\/k-180b\/","og_locale":"hr_HR","og_type":"article","og_title":"K-120P ...... K-180B - El-KA elektromehanika","og_description":"[vc_row][vc_column][vc_row_inner][vc_column_inner][vc_empty_space height=&#8221;50&#8243;][\/vc_column_inner][\/vc_row_inner][vc_row_inner][vc_column_inner width=&#8221;1\/3&#8243;][vc_column_text] [\/vc_column_text][\/vc_column_inner][vc_column_inner width=&#8221;2\/3&#8243;][vc_column_text]K-120P\u00a0 automatsko obra\u010danje KAPACITET : koko\u0161i \u2013 126 jaja pure \u2013 117 jaja patke \u2013 117 jaja guske \u2013 60 jaja Dimenzije : \u0161-64cm, v-31cm, d-73cm Masa : 19kg Izra\u0111en od izolacijski panela debljine 24mm (plastika, izolacija, plastika) Ku\u010di\u0161te otporno na vodu Snaga : 140W Regulator temp. : procesorski sa digit.Read more about K-120P &#8230;&#8230; K-180B[...]","og_url":"https:\/\/el-ka.hr\/slo\/k-180b\/","og_site_name":"El-KA elektromehanika","article_modified_time":"2025-09-30T07:15:01+00:00","twitter_card":"summary_large_image","twitter_misc":{"Procijenjeno vrijeme \u010ditanja":"1 minuta"},"schema":{"@context":"https:\/\/schema.org","@graph":[{"@type":"WebPage","@id":"https:\/\/el-ka.hr\/slo\/k-180b\/","url":"https:\/\/el-ka.hr\/slo\/k-180b\/","name":"K-120P ...... K-180B - El-KA elektromehanika","isPartOf":{"@id":"https:\/\/el-ka.hr\/slo\/#website"},"datePublished":"2017-09-01T16:05:57+00:00","dateModified":"2025-09-30T07:15:01+00:00","breadcrumb":{"@id":"https:\/\/el-ka.hr\/slo\/k-180b\/#breadcrumb"},"inLanguage":"hr","potentialAction":[{"@type":"ReadAction","target":["https:\/\/el-ka.hr\/slo\/k-180b\/"]}]},{"@type":"BreadcrumbList","@id":"https:\/\/el-ka.hr\/slo\/k-180b\/#breadcrumb","itemListElement":[{"@type":"ListItem","position":1,"name":"Po\u010detna stranica","item":"https:\/\/el-ka.hr\/slo\/"},{"@type":"ListItem","position":2,"name":"K-120P &#8230;&#8230; K-180B"}]},{"@type":"WebSite","@id":"https:\/\/el-ka.hr\/slo\/#website","url":"https:\/\/el-ka.hr\/slo\/","name":"El-KA elektromehanika","description":"","potentialAction":[{"@type":"SearchAction","target":{"@type":"EntryPoint","urlTemplate":"https:\/\/el-ka.hr\/slo\/?s={search_term_string}"},"query-input":{"@type":"PropertyValueSpecification","valueRequired":true,"valueName":"search_term_string"}}],"inLanguage":"hr"}]}},"_links":{"self":[{"href":"https:\/\/el-ka.hr\/slo\/wp-json\/wp\/v2\/pages\/237","targetHints":{"allow":["GET"]}}],"collection":[{"href":"https:\/\/el-ka.hr\/slo\/wp-json\/wp\/v2\/pages"}],"about":[{"href":"https:\/\/el-ka.hr\/slo\/wp-json\/wp\/v2\/types\/page"}],"author":[{"embeddable":true,"href":"https:\/\/el-ka.hr\/slo\/wp-json\/wp\/v2\/users\/1"}],"replies":[{"embeddable":true,"href":"https:\/\/el-ka.hr\/slo\/wp-json\/wp\/v2\/comments?post=237"}],"version-history":[{"count":24,"href":"https:\/\/el-ka.hr\/slo\/wp-json\/wp\/v2\/pages\/237\/revisions"}],"predecessor-version":[{"id":999,"href":"https:\/\/el-ka.hr\/slo\/wp-json\/wp\/v2\/pages\/237\/revisions\/999"}],"wp:attachment":[{"href":"https:\/\/el-ka.hr\/slo\/wp-json\/wp\/v2\/media?parent=237"}],"curies":[{"name":"wp","href":"https:\/\/api.w.org\/{rel}","templated":true}]}}