{"id":105,"date":"2017-08-14T20:32:56","date_gmt":"2017-08-14T20:32:56","guid":{"rendered":"https:\/\/el-ka.hr\/slo\/?page_id=105"},"modified":"2025-09-30T07:05:54","modified_gmt":"2025-09-30T07:05:54","slug":"valilnice","status":"publish","type":"page","link":"https:\/\/el-ka.hr\/slo\/valilnice\/","title":{"rendered":"VALILNICE"},"content":{"rendered":"<p>[vc_row css=&#8221;.vc_custom_1504382964036{margin-top: -60px !important;}&#8221;][vc_column][vc_row_inner][vc_column_inner width=&#8221;2\/3&#8243;][vc_column_text]<\/p>\n<h3 style=\"text-align: left;\">ENOSLOJNE\u00a0\u00a0VALILNICE\u00a0\u00a0\u00a0\u00a0<img loading=\"lazy\" decoding=\"async\" class=\"size-full wp-image-183 alignnone\" src=\"https:\/\/el-ka.hr\/slo\/wp-content\/uploads\/2017\/08\/kalimero.jpg\" alt=\"\" width=\"226\" height=\"57\" \/><\/h3>\n<p>[\/vc_column_text][\/vc_column_inner][vc_column_inner width=&#8221;1\/12&#8243;][\/vc_column_inner][vc_column_inner width=&#8221;1\/12&#8243;][\/vc_column_inner][vc_column_inner width=&#8221;1\/12&#8243; offset=&#8221;vc_hidden-sm vc_hidden-xs&#8221; css=&#8221;.vc_custom_1504383251742{margin-top: 50px !important;}&#8221;][vc_btn title=&#8221;Navodila&#8221; style=&#8221;flat&#8221; shape=&#8221;square&#8221; color=&#8221;danger&#8221; size=&#8221;sm&#8221; align=&#8221;right&#8221; link=&#8221;url:%2Fslo%2Fupute%2F|||&#8221; css=&#8221;.vc_custom_1512757306182{padding-top: -10px !important;padding-bottom: -10px !important;}&#8221;][\/vc_column_inner][vc_column_inner width=&#8221;1\/12&#8243; offset=&#8221;vc_hidden-sm vc_hidden-xs&#8221;][vc_btn title=&#8221;Cenik&#8221; style=&#8221;flat&#8221; shape=&#8221;square&#8221; color=&#8221;danger&#8221; size=&#8221;sm&#8221; align=&#8221;left&#8221; link=&#8221;url:%2Fslo%2Fwp-content%2Fuploads%2F2018%2F02%2FCjenik2018.pdf||target:%20_blank|&#8221; css=&#8221;.vc_custom_1517745075427{margin-top: 50px !important;}&#8221;][\/vc_column_inner][\/vc_row_inner][vc_row_inner][vc_column_inner offset=&#8221;vc_hidden-lg vc_hidden-md&#8221;][vc_btn title=&#8221;Navodila&#8221; style=&#8221;flat&#8221; shape=&#8221;square&#8221; color=&#8221;danger&#8221; size=&#8221;sm&#8221; align=&#8221;left&#8221; i_icon_fontawesome=&#8221;fa fa-file-pdf-o&#8221; add_icon=&#8221;true&#8221; link=&#8221;url:%2Fslo%2Fupute%2F||target:%20_blank|&#8221;][vc_btn title=&#8221;Cenik&#8221; style=&#8221;flat&#8221; shape=&#8221;square&#8221; color=&#8221;danger&#8221; size=&#8221;sm&#8221; align=&#8221;left&#8221; i_icon_fontawesome=&#8221;fa fa-file-pdf-o&#8221; add_icon=&#8221;true&#8221; link=&#8221;url:%2Fslo%2Fwp-content%2Fuploads%2F2018%2F02%2FCjenik2018.pdf||target:%20_blank|&#8221; css=&#8221;.vc_custom_1517745238625{margin-top: -67px !important;margin-left: 120px !important;}&#8221;][\/vc_column_inner][\/vc_row_inner][\/vc_column][\/vc_row][vc_row][vc_column width=&#8221;1\/3&#8243;][vc_message style=&#8221;square&#8221; css=&#8221;.vc_custom_1512758737743{margin-top: 0px !important;margin-bottom: 0px !important;border-top-width: 0px !important;border-bottom-width: 0px !important;padding-top: 2px !important;padding-bottom: 2px !important;}&#8221;]<strong><a href=\"\/slo\/k-63c\/\">K-63C\u00a0\u00a0 avtomatski<\/a><br \/>\n<\/strong>[\/vc_message][vc_empty_space height=&#8221;10&#8243;][vc_single_image image=&#8221;582&#8243; img_size=&#8221;full&#8221; onclick=&#8221;custom_link&#8221; link=&#8221;\/slo\/k-63c\/&#8221;][\/vc_column][vc_column width=&#8221;1\/3&#8243;][vc_message style=&#8221;square&#8221; css=&#8221;.vc_custom_1730231672006{margin-top: 0px !important;margin-bottom: 0px !important;border-top-width: 0px !important;border-bottom-width: 0px !important;padding-top: 2px !important;padding-bottom: 2px !important;}&#8221;]<strong><a href=\"\/slo\/k-63d\/\">K-63D <b>za p\u010delinje matice<\/b><\/a><br \/>\n<\/strong>[\/vc_message][vc_empty_space height=&#8221;10&#8243;][vc_single_image image=&#8221;971&#8243; img_size=&#8221;full&#8221; onclick=&#8221;custom_link&#8221; link=&#8221;\/slo\/k-63d\/&#8221;][\/vc_column][vc_column width=&#8221;1\/3&#8243;][vc_message style=&#8221;square&#8221; css=&#8221;.vc_custom_1759215951745{margin-top: 0px !important;margin-bottom: 0px !important;border-top-width: 0px !important;border-bottom-width: 0px !important;padding-top: 2px !important;padding-bottom: 2px !important;}&#8221;]<strong><a href=\"\/slo\/k-180b\/\">K-120P\u00a0 \u00a0K-180B<\/a><br \/>\n<\/strong>[\/vc_message][vc_empty_space height=&#8221;10&#8243;][vc_single_image image=&#8221;996&#8243; img_size=&#8221;full&#8221; onclick=&#8221;custom_link&#8221; link=&#8221;\/slo\/k-180b\/&#8221;][\/vc_column][\/vc_row][vc_row][vc_column width=&#8221;1\/3&#8243;][vc_message style=&#8221;square&#8221; css=&#8221;.vc_custom_1730232585281{margin-top: 0px !important;margin-bottom: 0px !important;border-top-width: 0px !important;border-bottom-width: 0px !important;padding-top: 2px !important;padding-bottom: 2px !important;}&#8221;]<strong><a href=\"\/slo\/lnd-9\/\"><b>LND-9 za nandu<\/b><\/a><br \/>\n<\/strong>[\/vc_message][vc_empty_space height=&#8221;10&#8243;][vc_single_image image=&#8221;977&#8243; img_size=&#8221;full&#8221; onclick=&#8221;custom_link&#8221; link=&#8221;\/slo\/lnd-9\/&#8221;][\/vc_column][vc_column width=&#8221;1\/3&#8243;][vc_message style=&#8221;square&#8221; css=&#8221;.vc_custom_1513192019088{margin-top: 0px !important;margin-bottom: 0px !important;border-top-width: 0px !important;border-bottom-width: 0px !important;padding-top: 2px !important;padding-bottom: 2px !important;}&#8221;]<strong><a href=\"\/slo\/lg-30\/\">LG-30\u00a0 Gosi<\/a><br \/>\n<\/strong>[\/vc_message][vc_empty_space height=&#8221;10&#8243;][vc_single_image image=&#8221;146&#8243; img_size=&#8221;full&#8221; onclick=&#8221;custom_link&#8221; link=&#8221;\/slo\/lg-30\/&#8221;][\/vc_column][vc_column width=&#8221;1\/3&#8243;][vc_message style=&#8221;square&#8221; css=&#8221;.vc_custom_1512758840617{margin-top: 0px !important;margin-bottom: 0px !important;border-top-width: 0px !important;border-bottom-width: 0px !important;padding-top: 2px !important;padding-bottom: 2px !important;}&#8221;]<strong><a href=\"\/slo\/lpf-120\/\">LPF-120\u00a0 za fazane<\/a><br \/>\n<\/strong>[\/vc_message][vc_empty_space height=&#8221;10&#8243;][vc_single_image image=&#8221;147&#8243; img_size=&#8221;full&#8221; onclick=&#8221;custom_link&#8221; link=&#8221;\/slo\/lpf-120\/&#8221;][\/vc_column][\/vc_row][vc_row full_width=&#8221;stretch_row_content_no_spaces&#8221;][vc_column][vc_separator border_width=&#8221;2&#8243;][\/vc_column][\/vc_row][vc_row][vc_column][vc_column_text]<\/p>\n<h3 style=\"text-align: left;\">VE\u010c SLOJNE\u00a0VALILNICE\u00a0\u00a0\u00a0<img loading=\"lazy\" decoding=\"async\" class=\"size-full wp-image-183 alignnone\" src=\"https:\/\/el-ka.hr\/slo\/wp-content\/uploads\/2017\/08\/kalimero.jpg\" alt=\"\" width=\"226\" height=\"57\" \/><\/h3>\n<p>[\/vc_column_text][\/vc_column][vc_column width=&#8221;1\/3&#8243;][vc_message style=&#8221;square&#8221; css=&#8221;.vc_custom_1512758921907{margin-top: 0px !important;margin-bottom: 0px !important;border-top-width: 0px !important;border-bottom-width: 0px !important;padding-top: 2px !important;padding-bottom: 2px !important;}&#8221;]<strong><a href=\"\/slo\/k-315\/\">K-315<\/a><br \/>\n<\/strong>[\/vc_message][vc_empty_space height=&#8221;10&#8243;][vc_single_image image=&#8221;646&#8243; img_size=&#8221;full&#8221; onclick=&#8221;custom_link&#8221; link=&#8221;\/slo\/k-315\/&#8221;][\/vc_column][vc_column width=&#8221;1\/3&#8243;][vc_message style=&#8221;square&#8221; css=&#8221;.vc_custom_1512758916111{margin-top: 0px !important;margin-bottom: 0px !important;border-top-width: 0px !important;border-bottom-width: 0px !important;padding-top: 2px !important;padding-bottom: 2px !important;}&#8221;]<a href=\"\/slo\/\/K-720\/\"><strong>K-720<\/strong><\/a>[\/vc_message][vc_empty_space height=&#8221;10&#8243;][vc_single_image image=&#8221;648&#8243; img_size=&#8221;full&#8221; onclick=&#8221;custom_link&#8221; link=&#8221;\/slo\/K-720\/&#8221;][\/vc_column][vc_column width=&#8221;1\/3&#8243;][vc_message style=&#8221;square&#8221; css=&#8221;.vc_custom_1512758942325{margin-top: 0px !important;margin-bottom: 0px !important;border-top-width: 0px !important;border-bottom-width: 0px !important;padding-top: 2px !important;padding-bottom: 2px !important;}&#8221;]<a href=\"\/slo\/k-1400\/\"><strong>K-1400<\/strong><\/a>[\/vc_message][vc_empty_space height=&#8221;10&#8243;][vc_single_image image=&#8221;151&#8243; img_size=&#8221;full&#8221; onclick=&#8221;custom_link&#8221; link=&#8221;\/slo\/k-1400\/&#8221;][\/vc_column][vc_column][vc_empty_space height=&#8221;50&#8243;][\/vc_column][\/vc_row]<\/p>\n","protected":false},"excerpt":{"rendered":"<p>[vc_row css=&#8221;.vc_custom_1504382964036{margin-top: -60px !important;}&#8221;][vc_column][vc_row_inner][vc_column_inner width=&#8221;2\/3&#8243;][vc_column_text] ENOSLOJNE\u00a0\u00a0VALILNICE\u00a0\u00a0\u00a0\u00a0 [\/vc_column_text][\/vc_column_inner][vc_column_inner width=&#8221;1\/12&#8243;][\/vc_column_inner][vc_column_inner width=&#8221;1\/12&#8243;][\/vc_column_inner][vc_column_inner width=&#8221;1\/12&#8243; offset=&#8221;vc_hidden-sm vc_hidden-xs&#8221; css=&#8221;.vc_custom_1504383251742{margin-top: 50px !important;}&#8221;][vc_btn title=&#8221;Navodila&#8221; style=&#8221;flat&#8221; shape=&#8221;square&#8221; color=&#8221;danger&#8221; size=&#8221;sm&#8221; align=&#8221;right&#8221; link=&#8221;url:%2Fslo%2Fupute%2F|||&#8221; css=&#8221;.vc_custom_1512757306182{padding-top: -10px !important;padding-bottom: -10px !important;}&#8221;][\/vc_column_inner][vc_column_inner width=&#8221;1\/12&#8243; offset=&#8221;vc_hidden-sm vc_hidden-xs&#8221;][vc_btn title=&#8221;Cenik&#8221; style=&#8221;flat&#8221; shape=&#8221;square&#8221; color=&#8221;danger&#8221; size=&#8221;sm&#8221; align=&#8221;left&#8221; link=&#8221;url:%2Fslo%2Fwp-content%2Fuploads%2F2018%2F02%2FCjenik2018.pdf||target:%20_blank|&#8221; css=&#8221;.vc_custom_1517745075427{margin-top: 50px !important;}&#8221;][\/vc_column_inner][\/vc_row_inner][vc_row_inner][vc_column_inner offset=&#8221;vc_hidden-lg vc_hidden-md&#8221;][vc_btn title=&#8221;Navodila&#8221; style=&#8221;flat&#8221; shape=&#8221;square&#8221; color=&#8221;danger&#8221; size=&#8221;sm&#8221; align=&#8221;left&#8221; i_icon_fontawesome=&#8221;fa fa-file-pdf-o&#8221; add_icon=&#8221;true&#8221; link=&#8221;url:%2Fslo%2Fupute%2F||target:%20_blank|&#8221;][vc_btn title=&#8221;Cenik&#8221; style=&#8221;flat&#8221; shape=&#8221;square&#8221;<a class=\"moretag\" href=\"https:\/\/el-ka.hr\/slo\/valilnice\/\"><span class=\"screen-reader-text\">Read more about VALILNICE<\/span>[&#8230;]<\/a><\/p>\n","protected":false},"author":1,"featured_media":0,"parent":0,"menu_order":0,"comment_status":"closed","ping_status":"closed","template":"template-fullwidth-no-title.php","meta":{"_exactmetrics_skip_tracking":false,"_exactmetrics_sitenote_active":false,"_exactmetrics_sitenote_note":"","_exactmetrics_sitenote_category":0,"footnotes":""},"class_list":["post-105","page","type-page","status-publish","hentry"],"yoast_head":"<!-- This site is optimized with the Yoast SEO plugin v26.7 - https:\/\/yoast.com\/wordpress\/plugins\/seo\/ -->\n<title>Enoslojne i ve\u010d slojne valilnice za pi\u0161\u010dance - EL-KA Elektromehanika<\/title>\n<meta name=\"description\" content=\"Enoslojne i ve\u010d slojne valilnice za pi\u0161\u010dance s ru\u010dnim, polu automatskim i automatskim okretanjem jaja. Enoslojne i ve\u010d slojne valilnice za pi\u0161\u010dance.\" \/>\n<meta name=\"robots\" content=\"index, follow, max-snippet:-1, max-image-preview:large, max-video-preview:-1\" \/>\n<link rel=\"canonical\" href=\"https:\/\/el-ka.hr\/slo\/valilnice\/\" \/>\n<meta property=\"og:locale\" content=\"hr_HR\" \/>\n<meta property=\"og:type\" content=\"article\" \/>\n<meta property=\"og:title\" content=\"Enoslojne i ve\u010d slojne valilnice za pi\u0161\u010dance - EL-KA Elektromehanika\" \/>\n<meta property=\"og:description\" content=\"Enoslojne i ve\u010d slojne valilnice za pi\u0161\u010dance s ru\u010dnim, polu automatskim i automatskim okretanjem jaja. Enoslojne i ve\u010d slojne valilnice za pi\u0161\u010dance.\" \/>\n<meta property=\"og:url\" content=\"https:\/\/el-ka.hr\/slo\/valilnice\/\" \/>\n<meta property=\"og:site_name\" content=\"El-KA elektromehanika\" \/>\n<meta property=\"article:modified_time\" content=\"2025-09-30T07:05:54+00:00\" \/>\n<meta property=\"og:image\" content=\"https:\/\/el-ka.hr\/slo\/wp-content\/uploads\/2017\/08\/kalimero.jpg\" \/>\n<meta name=\"twitter:card\" content=\"summary_large_image\" \/>\n<meta name=\"twitter:label1\" content=\"Procijenjeno vrijeme \u010ditanja\" \/>\n\t<meta name=\"twitter:data1\" content=\"2 minute\" \/>\n<script type=\"application\/ld+json\" class=\"yoast-schema-graph\">{\"@context\":\"https:\/\/schema.org\",\"@graph\":[{\"@type\":\"WebPage\",\"@id\":\"https:\/\/el-ka.hr\/slo\/valilnice\/\",\"url\":\"https:\/\/el-ka.hr\/slo\/valilnice\/\",\"name\":\"Enoslojne i ve\u010d slojne valilnice za pi\u0161\u010dance - EL-KA Elektromehanika\",\"isPartOf\":{\"@id\":\"https:\/\/el-ka.hr\/slo\/#website\"},\"primaryImageOfPage\":{\"@id\":\"https:\/\/el-ka.hr\/slo\/valilnice\/#primaryimage\"},\"image\":{\"@id\":\"https:\/\/el-ka.hr\/slo\/valilnice\/#primaryimage\"},\"thumbnailUrl\":\"https:\/\/el-ka.hr\/slo\/wp-content\/uploads\/2017\/08\/kalimero.jpg\",\"datePublished\":\"2017-08-14T20:32:56+00:00\",\"dateModified\":\"2025-09-30T07:05:54+00:00\",\"description\":\"Enoslojne i ve\u010d slojne valilnice za pi\u0161\u010dance s ru\u010dnim, polu automatskim i automatskim okretanjem jaja. Enoslojne i ve\u010d slojne valilnice za pi\u0161\u010dance.\",\"breadcrumb\":{\"@id\":\"https:\/\/el-ka.hr\/slo\/valilnice\/#breadcrumb\"},\"inLanguage\":\"hr\",\"potentialAction\":[{\"@type\":\"ReadAction\",\"target\":[\"https:\/\/el-ka.hr\/slo\/valilnice\/\"]}]},{\"@type\":\"ImageObject\",\"inLanguage\":\"hr\",\"@id\":\"https:\/\/el-ka.hr\/slo\/valilnice\/#primaryimage\",\"url\":\"https:\/\/el-ka.hr\/slo\/wp-content\/uploads\/2017\/08\/kalimero.jpg\",\"contentUrl\":\"https:\/\/el-ka.hr\/slo\/wp-content\/uploads\/2017\/08\/kalimero.jpg\",\"width\":226,\"height\":57},{\"@type\":\"BreadcrumbList\",\"@id\":\"https:\/\/el-ka.hr\/slo\/valilnice\/#breadcrumb\",\"itemListElement\":[{\"@type\":\"ListItem\",\"position\":1,\"name\":\"Po\u010detna stranica\",\"item\":\"https:\/\/el-ka.hr\/slo\/\"},{\"@type\":\"ListItem\",\"position\":2,\"name\":\"VALILNICE\"}]},{\"@type\":\"WebSite\",\"@id\":\"https:\/\/el-ka.hr\/slo\/#website\",\"url\":\"https:\/\/el-ka.hr\/slo\/\",\"name\":\"El-KA elektromehanika\",\"description\":\"\",\"potentialAction\":[{\"@type\":\"SearchAction\",\"target\":{\"@type\":\"EntryPoint\",\"urlTemplate\":\"https:\/\/el-ka.hr\/slo\/?s={search_term_string}\"},\"query-input\":{\"@type\":\"PropertyValueSpecification\",\"valueRequired\":true,\"valueName\":\"search_term_string\"}}],\"inLanguage\":\"hr\"}]}<\/script>\n<!-- \/ Yoast SEO plugin. -->","yoast_head_json":{"title":"Enoslojne i ve\u010d slojne valilnice za pi\u0161\u010dance - EL-KA Elektromehanika","description":"Enoslojne i ve\u010d slojne valilnice za pi\u0161\u010dance s ru\u010dnim, polu automatskim i automatskim okretanjem jaja. Enoslojne i ve\u010d slojne valilnice za pi\u0161\u010dance.","robots":{"index":"index","follow":"follow","max-snippet":"max-snippet:-1","max-image-preview":"max-image-preview:large","max-video-preview":"max-video-preview:-1"},"canonical":"https:\/\/el-ka.hr\/slo\/valilnice\/","og_locale":"hr_HR","og_type":"article","og_title":"Enoslojne i ve\u010d slojne valilnice za pi\u0161\u010dance - EL-KA Elektromehanika","og_description":"Enoslojne i ve\u010d slojne valilnice za pi\u0161\u010dance s ru\u010dnim, polu automatskim i automatskim okretanjem jaja. Enoslojne i ve\u010d slojne valilnice za pi\u0161\u010dance.","og_url":"https:\/\/el-ka.hr\/slo\/valilnice\/","og_site_name":"El-KA elektromehanika","article_modified_time":"2025-09-30T07:05:54+00:00","og_image":[{"url":"https:\/\/el-ka.hr\/slo\/wp-content\/uploads\/2017\/08\/kalimero.jpg","type":"","width":"","height":""}],"twitter_card":"summary_large_image","twitter_misc":{"Procijenjeno vrijeme \u010ditanja":"2 minute"},"schema":{"@context":"https:\/\/schema.org","@graph":[{"@type":"WebPage","@id":"https:\/\/el-ka.hr\/slo\/valilnice\/","url":"https:\/\/el-ka.hr\/slo\/valilnice\/","name":"Enoslojne i ve\u010d slojne valilnice za pi\u0161\u010dance - EL-KA Elektromehanika","isPartOf":{"@id":"https:\/\/el-ka.hr\/slo\/#website"},"primaryImageOfPage":{"@id":"https:\/\/el-ka.hr\/slo\/valilnice\/#primaryimage"},"image":{"@id":"https:\/\/el-ka.hr\/slo\/valilnice\/#primaryimage"},"thumbnailUrl":"https:\/\/el-ka.hr\/slo\/wp-content\/uploads\/2017\/08\/kalimero.jpg","datePublished":"2017-08-14T20:32:56+00:00","dateModified":"2025-09-30T07:05:54+00:00","description":"Enoslojne i ve\u010d slojne valilnice za pi\u0161\u010dance s ru\u010dnim, polu automatskim i automatskim okretanjem jaja. Enoslojne i ve\u010d slojne valilnice za pi\u0161\u010dance.","breadcrumb":{"@id":"https:\/\/el-ka.hr\/slo\/valilnice\/#breadcrumb"},"inLanguage":"hr","potentialAction":[{"@type":"ReadAction","target":["https:\/\/el-ka.hr\/slo\/valilnice\/"]}]},{"@type":"ImageObject","inLanguage":"hr","@id":"https:\/\/el-ka.hr\/slo\/valilnice\/#primaryimage","url":"https:\/\/el-ka.hr\/slo\/wp-content\/uploads\/2017\/08\/kalimero.jpg","contentUrl":"https:\/\/el-ka.hr\/slo\/wp-content\/uploads\/2017\/08\/kalimero.jpg","width":226,"height":57},{"@type":"BreadcrumbList","@id":"https:\/\/el-ka.hr\/slo\/valilnice\/#breadcrumb","itemListElement":[{"@type":"ListItem","position":1,"name":"Po\u010detna stranica","item":"https:\/\/el-ka.hr\/slo\/"},{"@type":"ListItem","position":2,"name":"VALILNICE"}]},{"@type":"WebSite","@id":"https:\/\/el-ka.hr\/slo\/#website","url":"https:\/\/el-ka.hr\/slo\/","name":"El-KA elektromehanika","description":"","potentialAction":[{"@type":"SearchAction","target":{"@type":"EntryPoint","urlTemplate":"https:\/\/el-ka.hr\/slo\/?s={search_term_string}"},"query-input":{"@type":"PropertyValueSpecification","valueRequired":true,"valueName":"search_term_string"}}],"inLanguage":"hr"}]}},"_links":{"self":[{"href":"https:\/\/el-ka.hr\/slo\/wp-json\/wp\/v2\/pages\/105","targetHints":{"allow":["GET"]}}],"collection":[{"href":"https:\/\/el-ka.hr\/slo\/wp-json\/wp\/v2\/pages"}],"about":[{"href":"https:\/\/el-ka.hr\/slo\/wp-json\/wp\/v2\/types\/page"}],"author":[{"embeddable":true,"href":"https:\/\/el-ka.hr\/slo\/wp-json\/wp\/v2\/users\/1"}],"replies":[{"embeddable":true,"href":"https:\/\/el-ka.hr\/slo\/wp-json\/wp\/v2\/comments?post=105"}],"version-history":[{"count":60,"href":"https:\/\/el-ka.hr\/slo\/wp-json\/wp\/v2\/pages\/105\/revisions"}],"predecessor-version":[{"id":1000,"href":"https:\/\/el-ka.hr\/slo\/wp-json\/wp\/v2\/pages\/105\/revisions\/1000"}],"wp:attachment":[{"href":"https:\/\/el-ka.hr\/slo\/wp-json\/wp\/v2\/media?parent=105"}],"curies":[{"name":"wp","href":"https:\/\/api.w.org\/{rel}","templated":true}]}}